{"id":748,"date":"2022-01-11T14:37:47","date_gmt":"2022-01-11T12:37:47","guid":{"rendered":"https:\/\/joannasstudios.gr\/terms-conditions\/"},"modified":"2022-03-10T13:45:22","modified_gmt":"2022-03-10T11:45:22","slug":"terms-conditions","status":"publish","type":"page","link":"https:\/\/joannasstudios.gr\/ro\/terms-conditions\/","title":{"rendered":"Termeni \u0219i condi\u021bii"},"content":{"rendered":"<p><strong>Termen de utilizare<\/strong><\/p>\n<p>Aceast\u0103 Politic\u0103 de confiden\u021bialitate reglementeaz\u0103 modul \u00een care site-ul web joannasstudios.gr colecteaz\u0103, folose\u0219te, p\u0103streaz\u0103 \u0219i transmite informa\u021biile colectate de la utilizatorii (denumit \u201eUtilizator\u201d) site-ului web joannasstudios.gr (denumit \u201eSite\u201d). Aceast\u0103 politic\u0103 de confiden\u021bialitate se aplic\u0103 site-ului \u0219i tuturor informa\u021biilor, graficelor \u0219i serviciilor oferite de joannasstudios.gr<\/p>\n<p><strong>Informa\u021biipersonale de indentificare <\/strong><\/p>\n<p>Putem colecta informa\u021biipersonale  de identificare de la Utilizatori \u00eentr-o varietate de moduri, inclusiv, dar f\u0103r\u0103 a se limita la, atunci c\u00e2nd Utilizatorii viziteaz\u0103 site-ul nostru, se \u00eenregistreaz\u0103 pe site, utilizeaz\u0103 formularul de contact al site-ului nostru, se aboneaz\u0103 la newsletter, r\u0103spund la un sondaj, \u0219i \u00een leg\u0103tur\u0103 cu alte activit\u0103\u021bi, servicii, caracteristici sau resurse pe care le punem la dispozi\u021bie pe Site-ul nostru. Utilizatorilor li se poate cere, dup\u0103 caz, adresa de e-mail, nume \u0219i prenume. Utilizatorii pot, totu\u0219i, s\u0103 viziteze site-ul nostru anonim. Vom colecta informa\u021bii personale de identificare de la Utilizatori numai dac\u0103 ace\u0219tia ne transmit \u00een mod voluntar astfel de informa\u021bii. Utilizatorii pot refuza oric\u00e2nd s\u0103 furnizeze informa\u021bii personale de identificare , cu excep\u021bia faptului c\u0103 acest lucru \u00eei poate \u00eempiedica s\u0103 se \u00eenregistreze \u00een anumite activit\u0103\u021bi legate de Site.<\/p>\n<p><strong>Informa\u021bii nepersonale de identificare<\/strong><\/p>\n<p>Putem colecta informa\u021bii nepersonale de identificare despre Utilizatori ori de c\u00e2te ori ace\u0219tia interac\u021bioneaz\u0103 cu Site-ul nostru. Informa\u021biile nepersonale de identificare pot include numele browserului, tipul de computer \u0219i informa\u021bii tehnice despre mijloacele de conectare ale Utilizatorilor la Site-ul nostru, cum ar fi sistemul de operare \u0219i furnizorii de servicii de Internet utiliza\u021bi \u0219i alte informa\u021bii similare.<\/p>\n<p><strong>Cookie-uri pentru browser web<\/strong><\/p>\n<p>Site-ul nostru poate folosi \u201ecookie-uri\u201d pentru a \u00eembun\u0103t\u0103\u021bi experien\u021ba utilizatorului. Browserul web al utilizatorului plaseaz\u0103 cookie-uri pe hard disk-ul s\u0103u \u00een scopuri de p\u0103strare a eviden\u021belor \u0219i, uneori, pentru a urm\u0103ri informa\u021bii despre ele. Utilizatorul poate alege s\u0103 \u00ee\u0219i seteze browserul web s\u0103 refuze cookie-urile sau s\u0103 v\u0103 avertizeze c\u00e2nd sunt trimise cookie-uri. Dac\u0103 fac acest lucru, re\u021bine\u021bi c\u0103 unele p\u0103r\u021bi ale Site-ului ar putea s\u0103 func\u021bioneze incorect<\/p>\n<p><strong>Cum folosim datele colectate<\/strong><\/p>\n<p>joannasstudios.gr poate colecta \u0219i folosi informa\u021biile personale ale Utilizatorului \u00een urm\u0103toarele scopuri:<\/p>\n<p> -pentru a \u00eembun\u0103t\u0103\u021bii serviciile de asisten\u021b\u0103<br \/>\nInforma\u021biile pe care le furniza\u021bi ne ajut\u0103 s\u0103 r\u0103spundem mai eficient solicit\u0103rilor \u0219i nevoilor dumneavoastr\u0103.<br \/>\n -s\u0103 personaliz\u0103m experien\u021ba utilizatorului<br \/>\nPutem folosi informa\u021biile \u00een ansamblu, pentru a \u00een\u021belege modul \u00een care Utilizatorii no\u0219tri, ca \u0219i grup, utilizeaz\u0103 serviciile \u0219i resursele furnizate pe site-ul nostru.<br \/>\n -pentru a \u00eembun\u0103t\u0103\u021bii site-ul<br \/>\nPutem folosi informa\u021biile furnizate pentru a ne \u00eembun\u0103t\u0103\u021bi produsele \u0219i serviciile.<\/p>\n<p><strong>Cum v\u0103 protejam informa\u021biile<\/strong><\/p>\n<p>Folosim practici adecvate de colectare, stocare \u0219i procesare a datelor, protec\u021bia serverului de g\u0103zduire \u0219i alte m\u0103suri de securitate pentru a proteja \u00eempotriva accesului neautorizat, modific\u0103rii, transmiterea sau distrugerii informa\u021biilor dvs. personale, numelui de utilizator, parolei, informa\u021biilor despre tranzac\u021bii \u0219i datelor stocate pe site-ul nostru.<\/p>\n<p>Schimbul de date sensibile \u0219i private \u00eentre Site \u0219i Utilizatorii s\u0103i are loc printr-un canal de comunicare securizat SSL \u0219i este criptat \u0219i protejat cu semn\u0103turi digitale. Site-ul nostru este, de asemenea, \u00een conformitate cu standardele de vulnerabilitate PCI pentru a crea un mediu c\u00e2t mai sigur pentru Utilizatori.<\/p>\n<p><strong>Partajarea informa\u021biilor dvs. Personale<\/strong><\/p>\n<p>Nu vindem, schimb\u0103m sau \u00eenchiriem informa\u021biile personale de identificare ale utilizatorilor altora. Este posibil s\u0103 \u00eemp\u0103rt\u0103\u0219im informa\u021bii demografice generice care nu au leg\u0103tur\u0103 cu nicio informa\u021bie personal\u0103 de identificare cu privire la vizitatori \u0219i utilizatori, cu partenerii no\u0219tri de afaceri, afilia\u021bii de \u00eencredere \u0219i agen\u021bii de publicitate \u00een scopurile prezentate mai sus.<\/p>\n<p><strong>Ce drepturi ave\u021bi asupra datelor dvs<\/strong><\/p>\n<p>\u00cen ceea ce prive\u0219te informa\u021biile dumneavoastr\u0103 personale pe care le de\u021binem despre dumneavoastr\u0103, pute\u021bi solicita un fi\u0219ier exportat sau pute\u021bi solicita \u0219tergerea datelor dumneavoastr\u0103. Aceasta nu include datele pe care trebuie s\u0103 le p\u0103str\u0103m \u00een scopuri de securitate, administrative sau legale.<\/p>\n<p><strong>Ce proceduri de \u00eenc\u0103lcare a securit\u0103\u021bilor avem \u00een vigoare<\/strong><\/p>\n<p>Dac\u0103, \u00een orice caz, are loc o \u00eenc\u0103lcare a securit\u0103\u021bii datelor, cum ar fi pierderea, modificarea, dezv\u0103luirea sau accesul neautorizat, transmiterea, stocarea sau prelucrarea \u00een alt mod a datelor cu caracter personal, v\u0103 vom anun\u021ba imediat ce vom afla.<br \/>\nCum v\u0103 pute\u021bi verifica, actualiza, ob\u021bine o copie sau \u0219terge datele dvs<\/p>\n<p>V\u0103 pute\u021bi verifica \u0219i actualiza informa\u021biile \u00een orice moment, trimi\u021b\u00e2ndu-ne un e-mail la info@joannasstudios.gr. Dac\u0103 dori\u021bi s\u0103 \u0219terge\u021bi sau s\u0103 ob\u021bine\u021bi o copie a datelor dvs. de pe site-ul nostru, trimite\u021bi un e-mail responsabilului nostru cu protec\u021bia datelor la info@joannasstudios.gr. Vom aplica solicitarea dvs. de \u00eendat\u0103<\/p>\n<p><strong>C\u00e2t timp p\u0103str\u0103m informa\u021biile dvs<\/strong><\/p>\n<p>C\u00e2nd v\u0103 \u00eenregistr\u0103m ca \u0219i client, prelucr\u0103m \u0219i p\u0103str\u0103m datele dumneavoastr\u0103 personale pe care le avem despre dumneavoastr\u0103 at\u00e2ta timp c\u00e2t nu solicita\u021bi \u0219tergerea acestora (cu respectarea prevederilor  legale).<\/p>\n<p><strong>Site-uri web ale ter\u021bilor<\/strong><\/p>\n<p>Rezerv\u0103rile online sunt responsabilitatea companiilor ter\u021be care ac\u021bioneaz\u0103 ca parteneri oficiali, site-urile lor au propriile politici de confiden\u021bialitate \u0219i politici de servicii pentru clien\u021bi, informa\u021biile despre cardul de credit sunt procesate de c\u0103tre ace\u0219tia \u0219i ne sunt furnizate pentru a factura utilizatorilor bunurile \u0219i serviciile cu care au fost deja de acord s\u0103 le pl\u0103teasc\u0103. Nu p\u0103str\u0103m, distribuim, stoc\u0103m sau folosim informa\u021bii de identificare personal\u0103 \u0219i informa\u021bii despre cardul de credit \u00een scopuri secundare.<br \/>\nUtilizatorii pot g\u0103si pe site-ul nostru reclame sau alt con\u021binut cu referire la site-urile \u0219i serviciile partenerilor, furnizorilor, agen\u021bilor de publicitate, sponsorilor, licen\u021biatorilor \u0219i altor ter\u021bi ai no\u0219tri. Nu control\u0103m con\u021binutul sau leg\u0103turile care apar pe aceste site-uri \u0219i nu suntem responsabili pentru practicile folosite de site-urile web care au link-uri c\u0103tre sau de pe site-ul nostru. \u00cen plus, aceste site-uri sau servicii, inclusiv con\u021binutul \u0219i linkurile lor, se pot schimba constant. Aceste site-uri \u0219i servicii pot avea propriile politici de confiden\u021bialitate \u0219i politici de servicii pentru clien\u021bi. Navigarea \u0219i interac\u021biunea pe orice alt site web, inclusiv site-uri web care au un link c\u0103tre site-ul nostru, se supune termenilor \u0219i politicilor site-ului respectiv.<\/p>\n<p><strong>Publicitate<\/strong><\/p>\n<p>Anun\u021burile care apar pe site-ul nostru pot fi livrate Utilizatorilor de c\u0103tre partenerii de publicitate, care pot seta cookie-uri. Aceste cookie-uri permit serverului de anun\u021buri s\u0103 v\u0103 recunoasc\u0103 computerul de fiecare dat\u0103 c\u00e2nd v\u0103 trimit o reclam\u0103 online pentru a compila informa\u021bii de identificare non-personale despre dumneavoastr\u0103 sau despre alte persoane care v\u0103 folosesc computerul. Aceste informa\u021bii permit re\u021belelor publicitare, printre altele, s\u0103 livreze reclame personalizate pe care consider\u0103 c\u0103 v\u0103 vor interesa cel mai mult. Aceast\u0103 politic\u0103 de confiden\u021bialitate nu acoper\u0103 utilizarea cookie-urilor de c\u0103tre niciun agent de publicitate.<\/p>\n<p><strong>Modific\u0103ri ale acestei politici de confiden\u021bialitate<\/strong><\/p>\n<p>joannasstudios.gr are libertatea de a actualiza aceast\u0103 politic\u0103 de confiden\u021bialitate \u00een orice moment. C\u00e2nd o vom face, vom revizui data actualizat\u0103 \u00een partea de jos a acestei pagini. \u00cencuraj\u0103m Utilizatorii s\u0103 verifice frecvent aceast\u0103 pagin\u0103 pentru orice modific\u0103ri \u0219i pentru a r\u0103m\u00e2ne informa\u021bi despre modul \u00een care ajut\u0103m la protejarea informa\u021biilor personale pe care le colect\u0103m. Recunoa\u0219te\u021bi \u0219i sunte\u021bi de acord c\u0103 este responsabilitatea dumneavoastr\u0103 s\u0103 revizui\u021bi periodic aceast\u0103 politic\u0103 de confiden\u021bialitate \u0219i s\u0103 lua\u021bi la cuno\u0219tin\u021b\u0103 modific\u0103rile.<\/p>\n<p><strong>Acceptarea dvs. a acestor termeni<\/strong><\/p>\n<p>Prin utilizarea acestui Site,  a\u021bi luat la cuno\u0219tin\u021b\u0103 \u0219i accepta\u021bi aceste politici. Dac\u0103 nu sunte\u021bi de acord cu aceast\u0103 politic\u0103, v\u0103 rug\u0103m s\u0103 nu utiliza\u021bi site-ul nostru. Utilizarea \u00een continuare a Site-ului dup\u0103 publicarea modific\u0103rilor acestei politici va fi considerat\u0103 ca accept a acestei modific\u0103ri.<\/p>\n<p><strong>Contactarea noastr\u0103<\/strong><\/p>\n<p>Dac\u0103 av\u021bi \u00eentreb\u0103ri cu privire la aceasta Politic\u0103 de Confiden\u021bialitate, practicile acestui site, sau rela\u021biile dvs. Cu acest site, v\u0103 rug\u0103m s\u0103 ne contacta\u021bi la<br \/>\ninfo@joannasstudios.gr<\/p>\n<p>Acest document a fost actualizat \u00een data de 11 Ianuarie 2022<\/p>\n","protected":false},"excerpt":{"rendered":"<p>Termen de utilizare Aceast\u0103 Politic\u0103 de confiden\u021bialitate reglementeaz\u0103 modul \u00een care site-ul web joannasstudios.gr colecteaz\u0103, folose\u0219te, p\u0103streaz\u0103 \u0219i transmite informa\u021biile colectate de la utilizatorii (denumit \u201eUtilizator\u201d) site-ului web joannasstudios.gr (denumit \u201eSite\u201d). Aceast\u0103 politic\u0103 de confiden\u021bialitate se aplic\u0103 site-ului \u0219i tuturor informa\u021biilor, graficelor \u0219i serviciilor oferite de joannasstudios.gr Informa\u021biipersonale de indentificare Putem colecta informa\u021biipersonale de identificare<\/p>\n<a href=\"https:\/\/joannasstudios.gr\/ro\/terms-conditions\/\" class=\"sohohotel-more-link\">Read More<i class=\"fa fa-angle-right\"><\/i><\/a>","protected":false},"author":1,"featured_media":0,"parent":0,"menu_order":0,"comment_status":"closed","ping_status":"closed","template":"","meta":{"_monsterinsights_skip_tracking":false,"_monsterinsights_sitenote_active":false,"_monsterinsights_sitenote_note":"","_monsterinsights_sitenote_category":0,"footnotes":""},"class_list":["post-748","page","type-page","status-publish","hentry"],"_links":{"self":[{"href":"https:\/\/joannasstudios.gr\/ro\/wp-json\/wp\/v2\/pages\/748","targetHints":{"allow":["GET"]}}],"collection":[{"href":"https:\/\/joannasstudios.gr\/ro\/wp-json\/wp\/v2\/pages"}],"about":[{"href":"https:\/\/joannasstudios.gr\/ro\/wp-json\/wp\/v2\/types\/page"}],"author":[{"embeddable":true,"href":"https:\/\/joannasstudios.gr\/ro\/wp-json\/wp\/v2\/users\/1"}],"replies":[{"embeddable":true,"href":"https:\/\/joannasstudios.gr\/ro\/wp-json\/wp\/v2\/comments?post=748"}],"version-history":[{"count":3,"href":"https:\/\/joannasstudios.gr\/ro\/wp-json\/wp\/v2\/pages\/748\/revisions"}],"predecessor-version":[{"id":792,"href":"https:\/\/joannasstudios.gr\/ro\/wp-json\/wp\/v2\/pages\/748\/revisions\/792"}],"wp:attachment":[{"href":"https:\/\/joannasstudios.gr\/ro\/wp-json\/wp\/v2\/media?parent=748"}],"curies":[{"name":"wp","href":"https:\/\/api.w.org\/{rel}","templated":true}]}}