{"id":746,"date":"2021-09-17T07:40:55","date_gmt":"2021-09-17T04:40:55","guid":{"rendered":"https:\/\/joannasstudios.gr\/location\/"},"modified":"2022-03-10T13:38:01","modified_gmt":"2022-03-10T11:38:01","slug":"location","status":"publish","type":"page","link":"https:\/\/joannasstudios.gr\/ro\/location\/","title":{"rendered":"Localizare"},"content":{"rendered":"<p>[vc_row][vc_column width=&#8221;1\/2&#8243;]<div class=\"sohohotel-title3 sohohotel-title-color\"><h4>Zona<\/h4><\/div>[vc_column_text]<span data-sheets-formula-bar-text-style=\"font-size:15px;color:#000000;font-weight:normal;text-decoration:none;font-family:'docs-Calibri';font-style:normal;text-decoration-skip-ink:none;\">Studiourile Joanna sunt localizate \u00een Lassi Kefalonia, la doar 50 de m distan\u021b\u0103 de plaja albastr\u0103 cristalin\u0103 a lui Makris Gialos<\/span>[\/vc_column_text][vc_empty_space][\/vc_column][vc_column width=&#8221;1\/2&#8243;][vc_gallery type=&#8221;flexslider_slide&#8221; interval=&#8221;3&#8243; images=&#8221;359,561&#8243; img_size=&#8221;full&#8221;][vc_empty_space][\/vc_column][\/vc_row][vc_row][vc_column width=&#8221;1\/2&#8243;]<div class=\"sohohotel-title3 sohohotel-title-color\"><h4>Gr\u0103dina<\/h4><\/div>[vc_column_text]<span data-sheets-formula-bar-text-style=\"font-size:15px;color:#000000;font-weight:normal;text-decoration:none;font-family:'docs-Calibri';font-style:normal;text-decoration-skip-ink:none;\">Frumoasa noastr\u0103 gr\u0103din\u0103 este bijuteria coroanei a \u00eentregului nostru a\u0219ez\u0103m\u00e2nt. Este o zon\u0103 sigur\u0103 \u0219i protejat\u0103, plin\u0103 de iarb\u0103 \u0219i copaci, cu decora\u021biuni tradi\u021bionale \u0219i leag\u0103ne pentru locul de joac\u0103. Pentru a ad\u0103uga un plus filozofiei noatre de relaxare, oferim un gr\u0103tar \u00een foi\u0219orul nostru din lemn, care face \u00eentotdeauna diferen\u021ba \u00een serile oaspe\u021bilor no\u0219tri.<\/span>[\/vc_column_text][vc_empty_space][\/vc_column][vc_column width=&#8221;1\/2&#8243;][vc_gallery type=&#8221;flexslider_slide&#8221; interval=&#8221;3&#8243; images=&#8221;563,564,565,566,567,568,569,570,571,572&#8243; img_size=&#8221;full&#8221;][vc_empty_space][\/vc_column][\/vc_row][vc_row][vc_column width=&#8221;1\/2&#8243;]<div class=\"sohohotel-title3 sohohotel-title-color\"><h4>Direc\u021bii<\/h4><\/div>[vc_column_text]<a href=\"https:\/\/goo.gl\/maps\/YkK49eMuPynLswtE7\" target=\"_blank\" rel=\"noopener\">Din Aeroportul din Kefalonia<\/a><\/p>\n<p><a href=\"https:\/\/goo.gl\/maps\/dFAWvawVmbK8VZtm9\" target=\"_blank\" rel=\"noopener\">Din Centrul orasului Sami<\/a><\/p>\n<p><a href=\"https:\/\/goo.gl\/maps\/oBGjA99DQURGSY9U6\" target=\"_blank\" rel=\"noopener\">Din Portul Poros<\/a><\/p>\n<p><a href=\"https:\/\/www.google.gr\/maps\/dir\/\/Joanna's+Studios,+Lassi+Makris+Yiallos\/@38.1563701,20.444586,13z\/data=!4m8!4m7!1m0!1m5!1m1!1s0x135d8783fe6c5ed1:0x72d2012233266ab7!2m2!1d20.4796253!2d38.1562813\" target=\"_blank\" rel=\"noopener\">Din locatia ta<\/a>[\/vc_column_text][vc_empty_space][\/vc_column][vc_column width=&#8221;1\/2&#8243;]<div class=\"sohohotel-title3 sohohotel-title-color\"><h4>Harta<\/h4><\/div>[vc_column_text]<\/p>\n<div class=\"map-responsive\"><iframe loading=\"lazy\" style=\"border: 0;\" src=\"https:\/\/www.google.com\/maps\/embed?pb=!1m14!1m8!1m3!1d12549.227367161746!2d20.4796055!3d38.1563078!3m2!1i1024!2i768!4f13.1!3m3!1m2!1s0x0%3A0x72d2012233266ab7!2sJoanna's%20Studios!5e0!3m2!1sel!2sgr!4v1641905568567!5m2!1sel!2sgr\" width=\"600\" height=\"400\" allowfullscreen=\"allowfullscreen\"><\/iframe><\/div>\n<p>[\/vc_column_text][vc_empty_space][\/vc_column][\/vc_row]<\/p>\n","protected":false},"excerpt":{"rendered":"<p>[vc_row][vc_column width=&#8221;1\/2&#8243;][vc_column_text]Studiourile Joanna sunt localizate \u00een Lassi Kefalonia, la doar 50 de m distan\u021b\u0103 de plaja albastr\u0103 cristalin\u0103 a lui Makris Gialos[\/vc_column_text][vc_empty_space][\/vc_column][vc_column width=&#8221;1\/2&#8243;][vc_gallery type=&#8221;flexslider_slide&#8221; interval=&#8221;3&#8243; images=&#8221;359,561&#8243; img_size=&#8221;full&#8221;][vc_empty_space][\/vc_column][\/vc_row][vc_row][vc_column width=&#8221;1\/2&#8243;][vc_column_text]Frumoasa noastr\u0103 gr\u0103din\u0103 este bijuteria coroanei a \u00eentregului nostru a\u0219ez\u0103m\u00e2nt. Este o zon\u0103 sigur\u0103 \u0219i protejat\u0103, plin\u0103 de iarb\u0103 \u0219i copaci, cu decora\u021biuni tradi\u021bionale \u0219i leag\u0103ne pentru locul<\/p>\n<a href=\"https:\/\/joannasstudios.gr\/ro\/location\/\" class=\"sohohotel-more-link\">Read More<i class=\"fa fa-angle-right\"><\/i><\/a>","protected":false},"author":1,"featured_media":0,"parent":0,"menu_order":0,"comment_status":"closed","ping_status":"closed","template":"","meta":{"_monsterinsights_skip_tracking":false,"_monsterinsights_sitenote_active":false,"_monsterinsights_sitenote_note":"","_monsterinsights_sitenote_category":0,"footnotes":""},"class_list":["post-746","page","type-page","status-publish","hentry"],"_links":{"self":[{"href":"https:\/\/joannasstudios.gr\/ro\/wp-json\/wp\/v2\/pages\/746","targetHints":{"allow":["GET"]}}],"collection":[{"href":"https:\/\/joannasstudios.gr\/ro\/wp-json\/wp\/v2\/pages"}],"about":[{"href":"https:\/\/joannasstudios.gr\/ro\/wp-json\/wp\/v2\/types\/page"}],"author":[{"embeddable":true,"href":"https:\/\/joannasstudios.gr\/ro\/wp-json\/wp\/v2\/users\/1"}],"replies":[{"embeddable":true,"href":"https:\/\/joannasstudios.gr\/ro\/wp-json\/wp\/v2\/comments?post=746"}],"version-history":[{"count":3,"href":"https:\/\/joannasstudios.gr\/ro\/wp-json\/wp\/v2\/pages\/746\/revisions"}],"predecessor-version":[{"id":787,"href":"https:\/\/joannasstudios.gr\/ro\/wp-json\/wp\/v2\/pages\/746\/revisions\/787"}],"wp:attachment":[{"href":"https:\/\/joannasstudios.gr\/ro\/wp-json\/wp\/v2\/media?parent=746"}],"curies":[{"name":"wp","href":"https:\/\/api.w.org\/{rel}","templated":true}]}}