{"id":729,"date":"2022-02-05T13:35:36","date_gmt":"2022-02-05T11:35:36","guid":{"rendered":"https:\/\/joannasstudios.gr\/?page_id=729"},"modified":"2022-03-10T13:27:22","modified_gmt":"2022-03-10T11:27:22","slug":"homepage","status":"publish","type":"page","link":"https:\/\/joannasstudios.gr\/ro\/","title":{"rendered":"Acas\u0103"},"content":{"rendered":"<p>[vc_row css=&#8221;.vc_custom_1537517367646{margin-top: 0px !important;margin-right: 0px !important;margin-bottom: 0px !important;margin-left: 0px !important;border-top-width: 0px !important;border-right-width: 0px !important;border-bottom-width: 0px !important;border-left-width: 0px !important;padding-top: 0px !important;padding-right: 0px !important;padding-bottom: 0px !important;padding-left: 0px !important;}&#8221;][vc_column css=&#8221;.vc_custom_1537517359601{margin-top: 0px !important;margin-right: 0px !important;margin-bottom: 0px !important;margin-left: 0px !important;border-top-width: 0px !important;border-right-width: 0px !important;border-bottom-width: 0px !important;border-left-width: 0px !important;padding-top: 0px !important;padding-right: 0px !important;padding-bottom: 0px !important;padding-left: 0px !important;}&#8221;][rev_slider_vc alias=&#8221;homepage-1-12&#8243; el_class=&#8221;sohohotel-homepage-slider&#8221;][\/vc_column][\/vc_row][vc_row content_placement=&#8221;middle&#8221; fixed_width=&#8221;true&#8221; css=&#8221;.vc_custom_1641279438469{margin-bottom: 60px !important;}&#8221;][vc_column width=&#8221;1\/2&#8243;]<div class=\"sohohotel-title1 sohohotel-title-color\"><h1>Bine a\u021bi venit la Studiourile Joanna<\/h1><h3>Studiouri de familie din Lassi Kefalonia<\/h3><\/div>[vc_column_text]<\/p>\n<p style=\"text-align: center;\">Loca\u021bia este un col\u021b de familie pl\u0103cut, format din 3 studiouri \u00eenconjurate de o frumoas\u0103 gr\u0103din\u0103, gazon, leag\u0103ne pentru cei mici \u0219i un foi\u0219or spa\u021bios cu gr\u0103tar. Este potrivit pentru copii \u0219i ofer\u0103 o oaz\u0103 de relaxare.<\/p>\n<p style=\"text-align: center;\">La doar 50 de metri distan\u021b\u0103 este plaja albastr\u0103 cristalin\u0103 a lui Makris Gialos, ceea ce o face ideal\u0103 pentru distrac\u021bie nelimitat\u0103 pe plaja<\/p>\n<p>[\/vc_column_text]<a href=\"\/ro\/accommodation\/studios\/\" class=\"sohohotel-button1\" style=\"background: #33439b;color:#ffffff;margin: 0 auto 20px auto;\">Afl\u0103 mai multe <i class=\"fa fa-angle-right\"><\/i><\/a><div class=\"sohohotel-clearboth\"><\/div>[\/vc_column][vc_column width=&#8221;1\/2&#8243;][vc_single_image image=&#8221;346&#8243; img_size=&#8221;full&#8221; alignment=&#8221;center&#8221;][\/vc_column][\/vc_row][vc_row css=&#8221;.vc_custom_1640966101902{margin-top: 0px !important;margin-right: 0px !important;margin-bottom: 0px !important;margin-left: 0px !important;border-top-width: 0px !important;border-right-width: 0px !important;border-bottom-width: 0px !important;border-left-width: 0px !important;padding-top: 0px !important;padding-right: 0px !important;padding-bottom: 0px !important;padding-left: 0px !important;}&#8221;][vc_column css=&#8221;.vc_custom_1537523206062{margin-top: 0px !important;margin-right: 0px !important;margin-bottom: 0px !important;margin-left: 0px !important;border-top-width: 0px !important;border-right-width: 0px !important;border-bottom-width: 0px !important;border-left-width: 0px !important;padding-top: 0px !important;padding-right: 0px !important;padding-bottom: 0px !important;padding-left: 0px !important;}&#8221;]<section class=\"sohohotel-clearfix sohohotel-call-to-action-2-section\" style=\"background:url(https:\/\/joannasstudios.gr\/wp-content\/uploads\/2021\/12\/background-1.jpg) no-repeat center top;\">\n\n\t\t<div class=\"sohohotel-call-to-action-2-section-inner\">\n\n\t\t\t<h3>Rezerv\u0103 online ast\u0103zi \u0219i asteapt\u0103 cu ner\u0103bdare sejurul relaxant cu noi<\/h3>\n\t\t\t<p><\/p>\n\t\t\t<a href=\"\/ro\/contact\/\" class=\"sohohotel-button0\">Rezerv\u0103 online<i class=\"fa fa-angle-right\"><\/i><\/a>\n\n\t\t<\/div>\n\t\t\n\t<\/section>[\/vc_column][\/vc_row][vc_row fixed_width=&#8221;true&#8221; css=&#8221;.vc_custom_1537523492174{margin-top: 0px !important;margin-right: 0px !important;margin-bottom: 60px !important;margin-left: 0px !important;border-top-width: 0px !important;border-right-width: 0px !important;border-bottom-width: 0px !important;border-left-width: 0px !important;padding-top: 0px !important;padding-right: 0px !important;padding-bottom: 0px !important;padding-left: 0px !important;}&#8221;][vc_column width=&#8221;1\/2&#8243;]<div class=\"sohohotel-title2 sohohotel-title-color\"><h3>Testimoniale<\/h3><\/div>\t\n\t<!-- BEGIN .sohohotel-testimonial-wrapper -->\n\t<div class=\"sohohotel-testimonial-wrapper-1 sohohotel-testimonials-border-1\">\n\t\n\t\t\t\t\n\t\t\t<!-- BEGIN .sohohotel-testimonial-list- -->\n\t\t\t<div class=\"sohohotel-testimonial-list sohohotel-owl-carousel-1\">\n\t\n\t\t\t\t\t\t\t\n\t\t\t\t\t\t\t\t\n\t\t\t\t<!-- BEGIN .sohohotel-testimonial-block -->\n\t\t\t\t<div class=\"sohohotel-testimonial-block\">\n\t\t\t\t\t\n\t\t\t\t\t<div>\n\t\t\t\t\t\t<span class=\"sohohotel-open-quote\">\u201c<\/span>\n\t\t\t\t\t\t\t\t\t\t\t\t<p>Am mai fost la Studiourile Joanna de 2 ori \u00eempreun\u0103 cu familia \u0219i categoric voi reveni \u00een cur\u00e2nd. Ador ospitalitatea \u0219i aten\u021bia la detalii, la orice, de la igien\u0103 p\u00e2n\u0103 la decora\u021bii, la orice am avea nevoie. Partea mea favorit\u0103, este grija cu care domnul Kostas ajut\u0103 cu orice.<\/p>\n\t\t\t\t\t\t<span class=\"sohohotel-close-quote\">\u201d<\/span>\n\t\t\t\t\t<\/div>\n\n\t\t\t\t\t\n\t\t\t\t\t<div class=\"sohohotel-testimonial-author\"><p>Maria - Grecia<\/p><\/div>\n\n\t\t\t\t<!-- END .sohohotel-testimonial-block -->\n\t\t\t\t<\/div>\n\t\t\t\n\t\t\t\t\t\t\t\n\t\t\t\t\t\t\t\t\n\t\t\t\t<!-- BEGIN .sohohotel-testimonial-block -->\n\t\t\t\t<div class=\"sohohotel-testimonial-block\">\n\t\t\t\t\t\n\t\t\t\t\t<div>\n\t\t\t\t\t\t<span class=\"sohohotel-open-quote\">\u201c<\/span>\n\t\t\t\t\t\t\t\t\t\t\t\t<p>Lassi este o loca\u021bie binecuv\u00eentat\u0103 \u00eentr-un loc unic. \u00cen apropierea camerelor Joanna, este adorabila plaj\u0103 a lui Makris Gialos pe care copii au \u00eendr\u0103git-o. Pe de alt\u0103 parte, ne-au \u00eenc\u00e2ntat dimine\u021bile lini\u0219tite petrecute \u00een zona gr\u0103dinii.<\/p>\n\t\t\t\t\t\t<span class=\"sohohotel-close-quote\">\u201d<\/span>\n\t\t\t\t\t<\/div>\n\n\t\t\t\t\t\n\t\t\t\t\t<div class=\"sohohotel-testimonial-author\"><p>\u0218tefan - Romania<\/p><\/div>\n\n\t\t\t\t<!-- END .sohohotel-testimonial-block -->\n\t\t\t\t<\/div>\n\t\t\t\n\t\t\t\t\t\t\t\n\t\t\t\t\t\t\t\t\n\t\t\t\t<!-- BEGIN .sohohotel-testimonial-block -->\n\t\t\t\t<div class=\"sohohotel-testimonial-block\">\n\t\t\t\t\t\n\t\t\t\t\t<div>\n\t\t\t\t\t\t<span class=\"sohohotel-open-quote\">\u201c<\/span>\n\t\t\t\t\t\t\t\t\t\t\t\t<p>Am fost caza\u021bi aici acum 5 ani \u0219i ne-am sim\u021bit minunat. Domnul Kostas \u0219i Doamna Ioanna s-au ocupat de tot \u0219i am p\u0103strat leg\u0103tura  p\u00e2n\u0103 am revenit. Ghici\u021bi ce&#8230; Totul a fost la fel de minunat cum \u00eemi aminteam, ba chiar au fost \u0219i mai primitori \u0219i aten\u021bi la nevoile noastre!<\/p>\n\t\t\t\t\t\t<span class=\"sohohotel-close-quote\">\u201d<\/span>\n\t\t\t\t\t<\/div>\n\n\t\t\t\t\t\n\t\t\t\t\t<div class=\"sohohotel-testimonial-author\"><p>Susan - Marea Britanie<\/p><\/div>\n\n\t\t\t\t<!-- END .sohohotel-testimonial-block -->\n\t\t\t\t<\/div>\n\t\t\t\n\t\t\t\t\t\n\t\t\t<!-- END .sohohotel-testimonial-list -->\n\t\t\t<\/div>\n\t\t\n\t\t\t\t\n\t<!-- END .sohohotel-testimonial-wrapper -->\n\t<\/div>\n\t\t\n\t[\/vc_column][vc_column width=&#8221;1\/2&#8243;]<div class=\"sohohotel-title2 sohohotel-title-color\"><h3>\u00centreb\u0103ri frecvente<\/h3><\/div>[vc_toggle title=&#8221;Care este cea mai u\u0219oar\u0103 cale pentru a ajunge la Studiourile Joanna?&#8221;]Po\u021bi ajunge la noi prin Vassiliki sau Nidri (prin Lefkada) sau Pessada ( prin Zante). Dac\u0103 vii din Italia, cea mai bun\u0103 variant\u0103 este prin portul Sami \u0219i bin\u00eenteles se poate veni \u0219i pe <a href=\"https:\/\/www.google.com\/maps\/dir\/A%CE%B5%CF%81%CE%BF%CE%B4%CF%81%CF%8C%CE%BC%CE%B9%CE%BF+%CE%9A%CE%B5%CF%86%CE%B1%CE%BB%CE%BF%CE%BD%CE%B9%CE%AC%CF%82,+%CE%9A%CE%B5%CF%86%CE%B1%CE%BB%CE%BF%CE%BD%CE%B9%CE%AC\/Joanna's+Studios,+Lassi+Makris+Yiallos\/@38.1355703,20.480082,14z\/data=!4m14!4m13!1m5!1m1!1s0x13677d3c4ce1458d:0x755174180e01436a!2m2!1d20.5049424!2d38.1195493!1m5!1m1!1s0x135d8783fe6c5ed1:0x72d2012233266ab7!2m2!1d20.4796253!2d38.1562813!3e0\" target=\"_blank\" rel=\"noopener\">aeroportul<\/a> din apropiere.[\/vc_toggle][vc_toggle title=&#8221;Exist\u0103 \u00een Lassi localuri cu specific unde po\u021bi servi o mas\u0103 bun\u0103?&#8221;]De\u0219i sunt multe locuri minunate de a servi masa, \u00een toata Kefalonia, \u00een Lassi \u00ee\u021bi recomand\u0103m \u00een special tavernele <a href=\"https:\/\/www.google.com\/maps\/dir\/Joanna's+Studios,+%CE%91%CF%81%CE%B3%CE%BF%CF%83%CF%84%CF%8C%CE%BB%CE%B9\/Sirtaki,+%CE%91%CF%81%CE%B3%CE%BF%CF%83%CF%84%CF%8C%CE%BB%CE%B9\/@38.1594436,20.4793422,16.77z\/data=!4m14!4m13!1m5!1m1!1s0x135d8783fe6c5ed1:0x72d2012233266ab7!2m2!1d20.4796253!2d38.1562813!1m5!1m1!1s0x135d879ba80f0aa5:0x1496cc364d37404!2m2!1d20.4820481!2d38.1634588!3e2\" target=\"_blank\" rel=\"noopener\">Sirtaki<\/a> \u0219i <a href=\"https:\/\/www.google.com\/maps\/dir\/Joanna's+Studios,+%CE%91%CF%81%CE%B3%CE%BF%CF%83%CF%84%CF%8C%CE%BB%CE%B9\/Tzogias+taverna,+%CE%91%CF%81%CE%B3%CE%BF%CF%83%CF%84%CF%8C%CE%BB%CE%B9+281+00\/@38.1571856,20.4803378,17.84z\/data=!4m14!4m13!1m5!1m1!1s0x135d8783fe6c5ed1:0x72d2012233266ab7!2m2!1d20.4796253!2d38.1562813!1m5!1m1!1s0x135d878457c9367b:0x625f48c824ee1943!2m2!1d20.482027!2d38.1583275!3e2\" target=\"_blank\" rel=\"noopener\">Tzogias<\/a> care sunt \u00een apropierea loca\u021biei. Nu ezita s\u0103 ne \u00eentrebi despre alte loca\u021bii de servit masa sau despre orice altceva ai avea nevoie pe durata sejurului![\/vc_toggle][vc_toggle title=&#8221;Sunt c\u0103l\u0103torii sau excursii interesante \u00een zon\u0103?&#8221;]Sunt un infinit de op\u021biuni din care s\u0103 alegi totul depinz\u00e2nd de tipul de c\u0103l\u0103torie ales \u0219i \u00een special de perioada \u00een care ne vizitezi, dar dac\u0103 ai avea la dispozi\u021bie doar dou\u0103 locuri, \u00ee\u021bi suger\u0103m s\u0103 mergi la <a href=\"https:\/\/www.google.com\/maps\/dir\/Joanna's+Studios,+%CE%91%CF%81%CE%B3%CE%BF%CF%83%CF%84%CF%8C%CE%BB%CE%B9\/Melissani+Cave,+%CE%A3%CE%AC%CE%BC%CE%B7\/@38.2058156,20.5203281,12.93z\/data=!4m14!4m13!1m5!1m1!1s0x135d8783fe6c5ed1:0x72d2012233266ab7!2m2!1d20.4796253!2d38.1562813!1m5!1m1!1s0x135d8dda0568ef7f:0x33ede1181e9d9a87!2m2!1d20.6235499!2d38.2569911!3e0\" target=\"_blank\" rel=\"noopener\">lacul Melissani<\/a> \u0219i la <a href=\"https:\/\/www.google.com\/maps\/dir\/Joanna's+Studios,+%CE%91%CF%81%CE%B3%CE%BF%CF%83%CF%84%CF%8C%CE%BB%CE%B9\/Drogarati+cave,+%CE%A3%CE%AC%CE%BC%CE%B7\/@38.1885129,20.5222699,12.96z\/data=!4m14!4m13!1m5!1m1!1s0x135d8783fe6c5ed1:0x72d2012233266ab7!2m2!1d20.4796253!2d38.1562813!1m5!1m1!1s0x135d8c22d3b175a1:0xf1523ace03e23d84!2m2!1d20.6284785!2d38.2277947!3e0\" target=\"_blank\" rel=\"noopener\">Pestera Drogarati<\/a> pentru c\u0103 sunt \u00eentradevar unice.[\/vc_toggle][\/vc_column][\/vc_row]<\/p>\n","protected":false},"excerpt":{"rendered":"<p>[vc_row css=&#8221;.vc_custom_1537517367646{margin-top: 0px !important;margin-right: 0px !important;margin-bottom: 0px !important;margin-left: 0px !important;border-top-width: 0px !important;border-right-width: 0px !important;border-bottom-width: 0px !important;border-left-width: 0px !important;padding-top: 0px !important;padding-right: 0px !important;padding-bottom: 0px !important;padding-left: 0px !important;}&#8221;][vc_column css=&#8221;.vc_custom_1537517359601{margin-top: 0px !important;margin-right: 0px !important;margin-bottom: 0px !important;margin-left: 0px !important;border-top-width: 0px !important;border-right-width: 0px !important;border-bottom-width: 0px !important;border-left-width: 0px !important;padding-top: 0px !important;padding-right: 0px !important;padding-bottom: 0px !important;padding-left: 0px !important;}&#8221;][rev_slider_vc alias=&#8221;homepage-1-12&#8243; el_class=&#8221;sohohotel-homepage-slider&#8221;][\/vc_column][\/vc_row][vc_row content_placement=&#8221;middle&#8221; fixed_width=&#8221;true&#8221;<\/p>\n<a href=\"https:\/\/joannasstudios.gr\/ro\/testimonials\/testimonial-3\/\" class=\"sohohotel-more-link\">Read More<i class=\"fa fa-angle-right\"><\/i><\/a>","protected":false},"author":2,"featured_media":601,"parent":0,"menu_order":0,"comment_status":"closed","ping_status":"closed","template":"","meta":{"_monsterinsights_skip_tracking":false,"_monsterinsights_sitenote_active":false,"_monsterinsights_sitenote_note":"","_monsterinsights_sitenote_category":0,"footnotes":""},"class_list":["post-729","page","type-page","status-publish","has-post-thumbnail","hentry"],"_links":{"self":[{"href":"https:\/\/joannasstudios.gr\/ro\/wp-json\/wp\/v2\/pages\/729","targetHints":{"allow":["GET"]}}],"collection":[{"href":"https:\/\/joannasstudios.gr\/ro\/wp-json\/wp\/v2\/pages"}],"about":[{"href":"https:\/\/joannasstudios.gr\/ro\/wp-json\/wp\/v2\/types\/page"}],"author":[{"embeddable":true,"href":"https:\/\/joannasstudios.gr\/ro\/wp-json\/wp\/v2\/users\/2"}],"replies":[{"embeddable":true,"href":"https:\/\/joannasstudios.gr\/ro\/wp-json\/wp\/v2\/comments?post=729"}],"version-history":[{"count":5,"href":"https:\/\/joannasstudios.gr\/ro\/wp-json\/wp\/v2\/pages\/729\/revisions"}],"predecessor-version":[{"id":784,"href":"https:\/\/joannasstudios.gr\/ro\/wp-json\/wp\/v2\/pages\/729\/revisions\/784"}],"wp:featuredmedia":[{"embeddable":true,"href":"https:\/\/joannasstudios.gr\/ro\/wp-json\/wp\/v2\/media\/601"}],"wp:attachment":[{"href":"https:\/\/joannasstudios.gr\/ro\/wp-json\/wp\/v2\/media?parent=729"}],"curies":[{"name":"wp","href":"https:\/\/api.w.org\/{rel}","templated":true}]}}