{"id":747,"date":"2022-01-11T14:37:47","date_gmt":"2022-01-11T12:37:47","guid":{"rendered":"https:\/\/joannasstudios.gr\/terms-conditions\/"},"modified":"2022-03-16T10:44:50","modified_gmt":"2022-03-16T08:44:50","slug":"terms-conditions","status":"publish","type":"page","link":"https:\/\/joannasstudios.gr\/it\/terms-conditions\/","title":{"rendered":"Termini e condizioni"},"content":{"rendered":"<p><strong>Termini di uso<\/strong><\/p>\n<p>Questa politica sulla privacy regola il modo in cui il sito web joannasstudios.gr raccoglie, utilizza, mantiene e divulga le informazioni raccolte dagli utenti (ciascuno, un &#8220;Utente&#8221;) del sito joannasstudios.gr (&#8220;Sito&#8221;). Questa politica sulla privacy si applica al Sito e tutte le informazioni, grafica e servizi offerti da joannasstudios.gr<\/p>\n<p><strong>Informazioni di identificazione personale<\/strong><\/p>\n<p>Possiamo raccogliere informazioni di identificazione personale dagli utenti in una variet\u00e0 di modi, tra cui, ma non solo, quando gli utenti visitano il nostro sito, si registrano sul sito, utilizzano il modulo di contatto del nostro sito, si iscrivono alla newsletter, rispondono a un sondaggio, e in connessione con altre attivit\u00e0, servizi, caratteristiche o risorse che rendiamo disponibili sul nostro sito. Agli utenti possono essere richiesti, a seconda dei casi, indirizzo e-mail, nome e cognome. Gli utenti possono, tuttavia, visitare il nostro Sito in modo anonimo. Raccoglieremo informazioni di identificazione personale dagli utenti solo se essi ci forniranno volontariamente tali informazioni. Gli utenti possono sempre rifiutarsi di fornire informazioni di identificazione personale, tranne che per il fatto che ci\u00f2 pu\u00f2 impedire loro di impegnarsi in alcune attivit\u00e0 legate al Sito.<\/p>\n<p><strong>Informazioni di identificazione non personali<\/strong><\/p>\n<p>Possiamo raccogliere informazioni di identificazione non personali sugli utenti ogni volta che interagiscono con il nostro sito. Le informazioni di identificazione non personali possono includere il nome del browser, il tipo di computer e le informazioni tecniche sui mezzi di connessione degli utenti al nostro sito, come il sistema operativo e i fornitori di servizi Internet utilizzati e altre informazioni simili.<\/p>\n<p><strong>Cookie del browser web<\/strong><\/p>\n<p>Il nostro sito pu\u00f2 utilizzare &#8220;cookies&#8221; per migliorare l&#8217;esperienza dell&#8217;utente. Il browser web dell&#8217;utente colloca i cookie sul suo disco rigido per scopi di registrazione e talvolta per tracciare informazioni su di lui. L&#8217;utente pu\u00f2 scegliere di impostare il proprio browser web per rifiutare i cookie, o per avvisare l&#8217;utente quando i cookie vengono inviati. Se lo fanno, si noti che alcune parti del sito potrebbero non funzionare correttamente.<\/p>\n<p><strong>Come usiamo i dati raccolti<\/strong><\/p>\n<p>joannasstudios.gr pu\u00f2 raccogliere e utilizzare le informazioni personali degli utenti per i seguenti scopi:<\/p>\n<p>\u2013 Migliorare il servizio clienti<br \/>\nInformation you provide helps us respond to your customer service requests and support needs more efficiently.<br \/>\n\u2013 Per personalizzare l&#8217;esperienza dell&#8217;utente<br \/>\nWe may use information in the aggregate to understand how our Users as a group use the services and resources provided on our Site.<br \/>\n\u2013 Per migliorare il nostro sito<br \/>\nPossiamo utilizzare il feedback che ci fornisci per migliorare i nostri prodotti e servizi.<\/p>\n<p><strong>Come proteggiamo le vostre informazioni<\/strong><\/p>\n<p>Adottiamo appropriate pratiche di raccolta, archiviazione ed elaborazione dei dati, firewall del server di hosting e altre misure di sicurezza per proteggere da accessi non autorizzati, alterazione, divulgazione o distruzione dei vostri dati personali, nome utente, password, informazioni sulle transazioni e dati memorizzati sul nostro sito.<\/p>\n<p>Lo scambio di dati sensibili e privati tra il Sito e i suoi Utenti avviene su un canale di comunicazione sicuro SSL ed \u00e8 criptato e protetto da firme digitali. Il nostro sito \u00e8 anche conforme agli standard di vulnerabilit\u00e0 PCI per creare un ambiente il pi\u00f9 sicuro possibile per gli utenti.<\/p>\n<p><strong>Condividendo i vostri dati personali<\/strong><\/p>\n<p>Non vendiamo, scambiamo o affittiamo le informazioni di identificazione personale degli utenti ad altri. Possiamo condividere informazioni demografiche aggregate generiche non collegate a nessuna informazione di identificazione personale riguardante i visitatori e gli utenti con i nostri partner commerciali, affiliati di fiducia e inserzionisti per gli scopi descritti sopra.<\/p>\n<p><strong>Quali diritti avete sui vostri dati<\/strong><\/p>\n<p>Per quanto riguarda le informazioni personali che abbiamo su di voi, potete richiedere un file esportato o fare una richiesta di cancellazione dei vostri dati. Questo non include i dati che siamo obbligati a conservare per motivi di sicurezza, amministrativi o legali.<\/p>\n<p><strong>Quali procedure di violazione dei dati abbiamo in atto<\/strong><\/p>\n<p>Se in ogni caso si verifica una violazione dei dati come perdita, alterazione, divulgazione o accesso non autorizzato, trasmissione di dati personali, memorizzazione o altrimenti trattati, vi informeremo immediatamente dopo esserne venuti a conoscenza.<br \/>\nCome pu\u00f2 rivedere, aggiornare, ottenere una copia o cancellare i suoi dati<\/p>\n<p>You can review and update your information at any time by sending us an email at info@joannasstudios.gr. If you want to delete or get a copy of your data on our site, send a mail to our Data Protection Officer at info@joannasstudios.gr. We will do that with immediate effect.<\/p>\n<p><strong>Per quanto tempo conserviamo le sue informazioni<\/strong><\/p>\n<p>Quando vi registriamo come cliente, trattiamo e conserviamo i vostri dati personali che abbiamo su di voi per tutto il tempo in cui non ne chiedete la cancellazione (soggetto a leggi e regolamenti).<\/p>\n<p><strong>Siti web di terze parti<\/strong><\/p>\n<p>Le prenotazioni online sono responsabilit\u00e0 di societ\u00e0 terze che agiscono come nostri partner ufficiali, i loro siti web hanno le loro politiche sulla privacy e le loro politiche di servizio al cliente, i dati della carta di credito vengono elaborati da loro e forniti a noi al fine di fatturare agli utenti i beni e i servizi che hanno gi\u00e0 accettato di pagare. Non conserviamo, condividiamo, immagazziniamo o utilizziamo le informazioni di identificazione personale e le informazioni della carta di credito per scopi secondari.<br \/>\nGli utenti possono trovare pubblicit\u00e0 o altri contenuti sul nostro Sito che si collegano a siti e servizi dei nostri partner, fornitori, inserzionisti, sponsor, licenziatari e altre terze parti. Non controlliamo il contenuto o i link che appaiono su questi siti e non siamo responsabili delle pratiche impiegate dai siti web collegati al o dal nostro Sito. Inoltre, questi siti o servizi, compresi i loro contenuti e link, possono essere in continua evoluzione. Questi siti e servizi possono avere le loro politiche sulla privacy e le loro politiche di servizio al cliente. La navigazione e l&#8217;interazione su qualsiasi altro sito web, compresi i siti web che hanno un link al nostro Sito, \u00e8 soggetta ai termini e alle politiche del sito stesso.<\/p>\n<p><strong>Pubblicit\u00e0<\/strong><\/p>\n<p>Gli annunci che appaiono sul nostro sito possono essere consegnati agli utenti da partner pubblicitari, che possono impostare i cookie. Questi cookie permettono al server pubblicitario di riconoscere il tuo computer ogni volta che ti inviano una pubblicit\u00e0 online per compilare informazioni di identificazione non personali su di te o su altri che usano il tuo computer. Queste informazioni consentono alle reti pubblicitarie, tra le altre cose, di fornire annunci mirati che ritengono essere di maggior interesse per voi. Questa politica sulla privacy non copre l&#8217;uso dei cookie da parte di qualsiasi inserzionista.<\/p>\n<p><strong>Modifiche a questa politica sulla privacy<\/strong><\/p>\n<p>joannasstudios.gr ha la facolt\u00e0 di aggiornare questa politica sulla privacy in qualsiasi momento. Quando lo facciamo, rivedremo la data aggiornata in fondo a questa pagina. Incoraggiamo gli utenti a controllare frequentemente questa pagina per eventuali modifiche per rimanere informati su come stiamo contribuendo a proteggere le informazioni personali che raccogliamo. L&#8217;utente riconosce e accetta che \u00e8 sua responsabilit\u00e0 rivedere periodicamente questa politica sulla privacy e venire a conoscenza delle modifiche.<\/p>\n<p><strong>La vostra accettazione di questi termini<\/strong><\/p>\n<p>Utilizzando questo sito, l&#8217;utente dichiara di accettare questa politica. Se non siete d&#8217;accordo con questa politica, si prega di non utilizzare il nostro sito. L&#8217;uso continuato del Sito dopo la pubblicazione di modifiche a questa politica sar\u00e0 considerato come accettazione di tali modifiche.<\/p>\n<p><strong>Contattaci<\/strong><\/p>\n<p>Se avete domande su questa politica sulla privacy, le pratiche di questo sito, o i vostri rapporti con questo sito, vi preghiamo di contattarci a:<br \/>\ninfo@joannasstudios.gr<\/p>\n<p>Questo documento \u00e8 stato aggiornato l&#8217;ultima volta in data 11 gennaio 2022<\/p>\n","protected":false},"excerpt":{"rendered":"<p>Termini di uso Questa politica sulla privacy regola il modo in cui il sito web joannasstudios.gr raccoglie, utilizza, mantiene e divulga le informazioni raccolte dagli utenti (ciascuno, un &#8220;Utente&#8221;) del sito joannasstudios.gr (&#8220;Sito&#8221;). Questa politica sulla privacy si applica al Sito e tutte le informazioni, grafica e servizi offerti da joannasstudios.gr Informazioni di identificazione personale<\/p>\n<a href=\"https:\/\/joannasstudios.gr\/it\/terms-conditions\/\" class=\"sohohotel-more-link\">Read More<i class=\"fa fa-angle-right\"><\/i><\/a>","protected":false},"author":1,"featured_media":0,"parent":0,"menu_order":0,"comment_status":"closed","ping_status":"closed","template":"","meta":{"_monsterinsights_skip_tracking":false,"_monsterinsights_sitenote_active":false,"_monsterinsights_sitenote_note":"","_monsterinsights_sitenote_category":0,"footnotes":""},"class_list":["post-747","page","type-page","status-publish","hentry"],"_links":{"self":[{"href":"https:\/\/joannasstudios.gr\/it\/wp-json\/wp\/v2\/pages\/747","targetHints":{"allow":["GET"]}}],"collection":[{"href":"https:\/\/joannasstudios.gr\/it\/wp-json\/wp\/v2\/pages"}],"about":[{"href":"https:\/\/joannasstudios.gr\/it\/wp-json\/wp\/v2\/types\/page"}],"author":[{"embeddable":true,"href":"https:\/\/joannasstudios.gr\/it\/wp-json\/wp\/v2\/users\/1"}],"replies":[{"embeddable":true,"href":"https:\/\/joannasstudios.gr\/it\/wp-json\/wp\/v2\/comments?post=747"}],"version-history":[{"count":3,"href":"https:\/\/joannasstudios.gr\/it\/wp-json\/wp\/v2\/pages\/747\/revisions"}],"predecessor-version":[{"id":808,"href":"https:\/\/joannasstudios.gr\/it\/wp-json\/wp\/v2\/pages\/747\/revisions\/808"}],"wp:attachment":[{"href":"https:\/\/joannasstudios.gr\/it\/wp-json\/wp\/v2\/media?parent=747"}],"curies":[{"name":"wp","href":"https:\/\/api.w.org\/{rel}","templated":true}]}}