{"id":742,"date":"2021-09-17T07:41:17","date_gmt":"2021-09-17T07:41:17","guid":{"rendered":"https:\/\/joannasstudios.gr\/home\/"},"modified":"2022-03-10T13:55:19","modified_gmt":"2022-03-10T11:55:19","slug":"home","status":"publish","type":"page","link":"https:\/\/joannasstudios.gr\/it\/","title":{"rendered":"Pagina iniziale"},"content":{"rendered":"<p>[vc_row css=&#8221;.vc_custom_1537517367646{margin-top: 0px !important;margin-right: 0px !important;margin-bottom: 0px !important;margin-left: 0px !important;border-top-width: 0px !important;border-right-width: 0px !important;border-bottom-width: 0px !important;border-left-width: 0px !important;padding-top: 0px !important;padding-right: 0px !important;padding-bottom: 0px !important;padding-left: 0px !important;}&#8221;][vc_column css=&#8221;.vc_custom_1537517359601{margin-top: 0px !important;margin-right: 0px !important;margin-bottom: 0px !important;margin-left: 0px !important;border-top-width: 0px !important;border-right-width: 0px !important;border-bottom-width: 0px !important;border-left-width: 0px !important;padding-top: 0px !important;padding-right: 0px !important;padding-bottom: 0px !important;padding-left: 0px !important;}&#8221;][rev_slider_vc alias=&#8221;homepage-1-11&#8243; el_class=&#8221;sohohotel-homepage-slider&#8221;][\/vc_column][\/vc_row][vc_row content_placement=&#8221;middle&#8221; fixed_width=&#8221;true&#8221; css=&#8221;.vc_custom_1641279438469{margin-bottom: 60px !important;}&#8221;][vc_column width=&#8221;1\/2&#8243;]<div class=\"sohohotel-title1 sohohotel-title-color\"><h1>Benvenuti agli appartamenti di Joanna<\/h1><h3>Monolocali per famiglie a Lassi Cefalonia<\/h3><\/div>[vc_column_text]<\/p>\n<p style=\"text-align: center;\"><span style=\"color: #7e8286;\">Si tratta di un piccolo e piacevole angolo familiare, composto da tre monolocali e circondato da un bel giardino fiorito, con un prato, altalene per i nostri piccoli ospiti e un ampio chiosco con barbecue. \u00c8 particolarmente adatto ai bambini e offre un&#8217;oasi di tranquillo relax.<\/span><\/p>\n<p style=\"text-align: center;\"><span style=\"color: #7e8286;\">A soli 50 metri di distanza si trova la spiaggia cristallina di Makris Gialos, che lo rende ideale per un divertimento senza fine sulla spiaggia! Il bellissimo ambiente, combinato con l&#8217;ospitalit\u00e0 dei suoi proprietari vi garantir\u00e0 una vacanza memorabile!\/span&gt;<\/span><\/p>\n<p>[\/vc_column_text]<a href=\"\/it\/accommodation\/studios\/\" class=\"sohohotel-button1\" style=\"background: #33439b;color:#ffffff;margin: 0 auto 20px auto;\">Per saperne di pi\u00f9 <i class=\"fa fa-angle-right\"><\/i><\/a><div class=\"sohohotel-clearboth\"><\/div>[\/vc_column][vc_column width=&#8221;1\/2&#8243;][vc_single_image image=&#8221;346&#8243; img_size=&#8221;full&#8221; alignment=&#8221;center&#8221;][\/vc_column][\/vc_row][vc_row css=&#8221;.vc_custom_1640966101902{margin-top: 0px !important;margin-right: 0px !important;margin-bottom: 0px !important;margin-left: 0px !important;border-top-width: 0px !important;border-right-width: 0px !important;border-bottom-width: 0px !important;border-left-width: 0px !important;padding-top: 0px !important;padding-right: 0px !important;padding-bottom: 0px !important;padding-left: 0px !important;}&#8221;][vc_column css=&#8221;.vc_custom_1537523206062{margin-top: 0px !important;margin-right: 0px !important;margin-bottom: 0px !important;margin-left: 0px !important;border-top-width: 0px !important;border-right-width: 0px !important;border-bottom-width: 0px !important;border-left-width: 0px !important;padding-top: 0px !important;padding-right: 0px !important;padding-bottom: 0px !important;padding-left: 0px !important;}&#8221;]<section class=\"sohohotel-clearfix sohohotel-call-to-action-2-section\" style=\"background:url(https:\/\/joannasstudios.gr\/wp-content\/uploads\/2021\/12\/background-1.jpg) no-repeat center top;\">\n\n\t\t<div class=\"sohohotel-call-to-action-2-section-inner\">\n\n\t\t\t<h3>Prenotate online oggi stesso e godetevi un soggiorno rilassante con noi<\/h3>\n\t\t\t<p><\/p>\n\t\t\t<a href=\"\/it\/contact\/\" class=\"sohohotel-button0\">Prenota online<i class=\"fa fa-angle-right\"><\/i><\/a>\n\n\t\t<\/div>\n\t\t\n\t<\/section>[\/vc_column][\/vc_row][vc_row fixed_width=&#8221;true&#8221; css=&#8221;.vc_custom_1537523492174{margin-top: 0px !important;margin-right: 0px !important;margin-bottom: 60px !important;margin-left: 0px !important;border-top-width: 0px !important;border-right-width: 0px !important;border-bottom-width: 0px !important;border-left-width: 0px !important;padding-top: 0px !important;padding-right: 0px !important;padding-bottom: 0px !important;padding-left: 0px !important;}&#8221;][vc_column width=&#8221;1\/2&#8243;]<div class=\"sohohotel-title2 sohohotel-title-color\"><h3>Testimonianze<\/h3><\/div>\t\n\t<!-- BEGIN .sohohotel-testimonial-wrapper -->\n\t<div class=\"sohohotel-testimonial-wrapper-1 sohohotel-testimonials-border-1\">\n\t\n\t\t\t\t\n\t\t\t<!-- BEGIN .sohohotel-testimonial-list- -->\n\t\t\t<div class=\"sohohotel-testimonial-list sohohotel-owl-carousel-1\">\n\t\n\t\t\t\t\t\t\t\n\t\t\t\t\t\t\t\t\n\t\t\t\t<!-- BEGIN .sohohotel-testimonial-block -->\n\t\t\t\t<div class=\"sohohotel-testimonial-block\">\n\t\t\t\t\t\n\t\t\t\t\t<div>\n\t\t\t\t\t\t<span class=\"sohohotel-open-quote\">\u201c<\/span>\n\t\t\t\t\t\t\t\t\t\t\t\t<p>Siamo stati qui circa 5 anni fa e ci siamo trovati benissimo. Il signor Kostas e la signora Ioanna si sono presi cura di tutto e abbiamo continuto a sentirci nel corso degli anni fino a quando abbiamo visitato di nuovo il posto, e indovinate un po&#8217;&#8230; tutto era bello come ricordavo e loro sono stati ancora pi\u00f9 gentili e attenti alle nostre esigenze!<\/p>\n\t\t\t\t\t\t<span class=\"sohohotel-close-quote\">\u201d<\/span>\n\t\t\t\t\t<\/div>\n\n\t\t\t\t\t\n\t\t\t\t\t<div class=\"sohohotel-testimonial-author\"><p>Susan - Regno Unito<\/p><\/div>\n\n\t\t\t\t<!-- END .sohohotel-testimonial-block -->\n\t\t\t\t<\/div>\n\t\t\t\n\t\t\t\t\t\t\t\n\t\t\t\t\t\t\t\t\n\t\t\t\t<!-- BEGIN .sohohotel-testimonial-block -->\n\t\t\t\t<div class=\"sohohotel-testimonial-block\">\n\t\t\t\t\t\n\t\t\t\t\t<div>\n\t\t\t\t\t\t<span class=\"sohohotel-open-quote\">\u201c<\/span>\n\t\t\t\t\t\t\t\t\t\t\t\t<p>Sono stata negli appartamenti di Joanna per ben 2 volte con la mia famiglia, e sicuramente ci torner\u00f2 presto. Adoro l&#8217;ospitalit\u00e0, e l&#8217;attenzione ai dettagli di ogni cosa, dall&#8217;igiene alle decorazioni a tutto ci\u00f2 di cui potremmo avere bisogno. La mia parte preferita \u00e8 la cura personale con cui il signor Kostas aiuta in tutto<\/p>\n\t\t\t\t\t\t<span class=\"sohohotel-close-quote\">\u201d<\/span>\n\t\t\t\t\t<\/div>\n\n\t\t\t\t\t\n\t\t\t\t\t<div class=\"sohohotel-testimonial-author\"><p>Maria - Grecia<\/p><\/div>\n\n\t\t\t\t<!-- END .sohohotel-testimonial-block -->\n\t\t\t\t<\/div>\n\t\t\t\n\t\t\t\t\t\t\t\n\t\t\t\t\t\t\t\t\n\t\t\t\t<!-- BEGIN .sohohotel-testimonial-block -->\n\t\t\t\t<div class=\"sohohotel-testimonial-block\">\n\t\t\t\t\t\n\t\t\t\t\t<div>\n\t\t\t\t\t\t<span class=\"sohohotel-open-quote\">\u201c<\/span>\n\t\t\t\t\t\t\t\t\t\t\t\t<p>Lassi \u00e8 un posto benedetto e  in una posizione unica. Proprio accanto alle camere di Joanna, c&#8217;\u00e8 una bella spiaggia di Makris Gialos che i bambini hanno amato. Inoltre abbiamo amato le mattine tranquille nella zona del giardino.<\/p>\n\t\t\t\t\t\t<span class=\"sohohotel-close-quote\">\u201d<\/span>\n\t\t\t\t\t<\/div>\n\n\t\t\t\t\t\n\t\t\t\t\t<div class=\"sohohotel-testimonial-author\"><p>Stefan - Romania<\/p><\/div>\n\n\t\t\t\t<!-- END .sohohotel-testimonial-block -->\n\t\t\t\t<\/div>\n\t\t\t\n\t\t\t\t\t\n\t\t\t<!-- END .sohohotel-testimonial-list -->\n\t\t\t<\/div>\n\t\t\n\t\t\t\t\n\t<!-- END .sohohotel-testimonial-wrapper -->\n\t<\/div>\n\t\t\n\t[\/vc_column][vc_column width=&#8221;1\/2&#8243;]<div class=\"sohohotel-title2 sohohotel-title-color\"><h3>FAQs<\/h3><\/div>[vc_toggle title=&#8221;Qual \u00e8 il modo migliore per arrivare agli studi di Joanna?&#8221;]Potete raggiungerci via Vassiliki o Nidri (attraverso Lefkada) o Pessada (attraverso Zante). Il porto di Sami \u00e8 il modo migliore se venite dall&#8217;Italia, e naturalmente anche <a href=\"https:\/\/www.google.com\/maps\/dir\/A%CE%B5%CF%81%CE%BF%CE%B4%CF%81%CF%8C%CE%BC%CE%B9%CE%BF+%CE%9A%CE%B5%CF%86%CE%B1%CE%BB%CE%BF%CE%BD%CE%B9%CE%AC%CF%82,+%CE%9A%CE%B5%CF%86%CE%B1%CE%BB%CE%BF%CE%BD%CE%B9%CE%AC\/Joanna's+Studios,+Lassi+Makris+Yiallos\/@38.1355703,20.480082,14.3z\/data=!4m14!4m13!1m5!1m1!1s0x13677d3c4ce1458d:0x755174180e01436a!2m2!1d20.5051199!2d38.1196389!1m5!1m1!1s0x135d8783fe6c5ed1:0x72d2012233266ab7!2m2!1d20.4796253!2d38.1562813!3e0\" target=\"_blank\" rel=\"noopener\">l&#8217;aeroporto<\/a> vicino. [\/vc_toggle][vc_toggle title=&#8221;Ci sono posti locali dove mangiare bene a Lassi?&#8221;]Ci sono posti fantastici per mangiare in tutta Cefalonia, mentre a Lassi raccomandiamo, in particolare, le taverne <a href=\"https:\/\/www.google.com\/maps\/dir\/Joanna's+Studios,+%CE%91%CF%81%CE%B3%CE%BF%CF%83%CF%84%CF%8C%CE%BB%CE%B9\/Sirtaki,+%CE%91%CF%81%CE%B3%CE%BF%CF%83%CF%84%CF%8C%CE%BB%CE%B9\/@38.1594436,20.4793422,16.77z\/data=!4m14!4m13!1m5!1m1!1s0x135d8783fe6c5ed1:0x72d2012233266ab7!2m2!1d20.4796253!2d38.1562813!1m5!1m1!1s0x135d879ba80f0aa5:0x1496cc364d37404!2m2!1d20.4820481!2d38.1634588!3e2\" target=\"_blank\" rel=\"noopener\">Sirtaki<\/a> e <a href=\"https:\/\/www.google.com\/maps\/dir\/Joanna's+Studios,+%CE%91%CF%81%CE%B3%CE%BF%CF%83%CF%84%CF%8C%CE%BB%CE%B9\/Tzogias+taverna,+%CE%91%CF%81%CE%B3%CE%BF%CF%83%CF%84%CF%8C%CE%BB%CE%B9+281+00\/@38.1571856,20.4803378,17.84z\/data=!4m14!4m13!1m5!1m1!1s0x135d8783fe6c5ed1:0x72d2012233266ab7!2m2!1d20.4796253!2d38.1562813!1m5!1m1!1s0x135d878457c9367b:0x625f48c824ee1943!2m2!1d20.482027!2d38.1583275!3e2\" target=\"_blank\" rel=\"noopener\">Tzogias<\/a> che sono a pochi passi dalle camere. Non esitate a chiederci informazioni su altri posti dove mangiare o qualsiasi altra cosa di cui potreste aver bisogno durante le vostre vacanze![\/vc_toggle][vc_toggle title=&#8221;Che tipo di giro o escursione interessante si pu\u00f2 fare?&#8221;]Ci sono infinite opzioni tra cui scegliere a seconda dello stile di vacanza che state cercando o del periodo particolare in cui ci visitate, ma se aveste tempo per solo due posti da visitare, vi consigliamo vivamente di andare al <a href=\"https:\/\/www.google.com\/maps\/dir\/Joanna's+Studios,+%CE%91%CF%81%CE%B3%CE%BF%CF%83%CF%84%CF%8C%CE%BB%CE%B9\/Melissani+Cave,+%CE%A3%CE%AC%CE%BC%CE%B7\/@38.2058156,20.5203281,12.93z\/data=!4m14!4m13!1m5!1m1!1s0x135d8783fe6c5ed1:0x72d2012233266ab7!2m2!1d20.4796253!2d38.1562813!1m5!1m1!1s0x135d8dda0568ef7f:0x33ede1181e9d9a87!2m2!1d20.6235499!2d38.2569911!3e0\" target=\"_blank\" rel=\"noopener\">lago Melissani<\/a> e alla <a href=\"https:\/\/www.google.com\/maps\/dir\/Joanna's+Studios,+%CE%91%CF%81%CE%B3%CE%BF%CF%83%CF%84%CF%8C%CE%BB%CE%B9\/Drogarati+cave,+%CE%A3%CE%AC%CE%BC%CE%B7\/@38.1885129,20.5222699,12.96z\/data=!4m14!4m13!1m5!1m1!1s0x135d8783fe6c5ed1:0x72d2012233266ab7!2m2!1d20.4796253!2d38.1562813!1m5!1m1!1s0x135d8c22d3b175a1:0xf1523ace03e23d84!2m2!1d20.6284785!2d38.2277947!3e0\" target=\"_blank\" rel=\"noopener\">grotta Drogarati<\/a> perch\u00e9 sono veramente unici.[\/vc_toggle][\/vc_column][\/vc_row]<\/p>\n","protected":false},"excerpt":{"rendered":"<p>[vc_row css=&#8221;.vc_custom_1537517367646{margin-top: 0px !important;margin-right: 0px !important;margin-bottom: 0px !important;margin-left: 0px !important;border-top-width: 0px !important;border-right-width: 0px !important;border-bottom-width: 0px !important;border-left-width: 0px !important;padding-top: 0px !important;padding-right: 0px !important;padding-bottom: 0px !important;padding-left: 0px !important;}&#8221;][vc_column css=&#8221;.vc_custom_1537517359601{margin-top: 0px !important;margin-right: 0px !important;margin-bottom: 0px !important;margin-left: 0px !important;border-top-width: 0px !important;border-right-width: 0px !important;border-bottom-width: 0px !important;border-left-width: 0px !important;padding-top: 0px !important;padding-right: 0px !important;padding-bottom: 0px !important;padding-left: 0px !important;}&#8221;][rev_slider_vc alias=&#8221;homepage-1-11&#8243; el_class=&#8221;sohohotel-homepage-slider&#8221;][\/vc_column][\/vc_row][vc_row content_placement=&#8221;middle&#8221; fixed_width=&#8221;true&#8221;<\/p>\n<a href=\"https:\/\/joannasstudios.gr\/it\/testimonials\/testimonial-1\/\" class=\"sohohotel-more-link\">Read More<i class=\"fa fa-angle-right\"><\/i><\/a>","protected":false},"author":1,"featured_media":600,"parent":0,"menu_order":0,"comment_status":"closed","ping_status":"closed","template":"","meta":{"_monsterinsights_skip_tracking":false,"_monsterinsights_sitenote_active":false,"_monsterinsights_sitenote_note":"","_monsterinsights_sitenote_category":0,"footnotes":""},"class_list":["post-742","page","type-page","status-publish","has-post-thumbnail","hentry"],"_links":{"self":[{"href":"https:\/\/joannasstudios.gr\/it\/wp-json\/wp\/v2\/pages\/742","targetHints":{"allow":["GET"]}}],"collection":[{"href":"https:\/\/joannasstudios.gr\/it\/wp-json\/wp\/v2\/pages"}],"about":[{"href":"https:\/\/joannasstudios.gr\/it\/wp-json\/wp\/v2\/types\/page"}],"author":[{"embeddable":true,"href":"https:\/\/joannasstudios.gr\/it\/wp-json\/wp\/v2\/users\/1"}],"replies":[{"embeddable":true,"href":"https:\/\/joannasstudios.gr\/it\/wp-json\/wp\/v2\/comments?post=742"}],"version-history":[{"count":4,"href":"https:\/\/joannasstudios.gr\/it\/wp-json\/wp\/v2\/pages\/742\/revisions"}],"predecessor-version":[{"id":799,"href":"https:\/\/joannasstudios.gr\/it\/wp-json\/wp\/v2\/pages\/742\/revisions\/799"}],"wp:featuredmedia":[{"embeddable":true,"href":"https:\/\/joannasstudios.gr\/it\/wp-json\/wp\/v2\/media\/600"}],"wp:attachment":[{"href":"https:\/\/joannasstudios.gr\/it\/wp-json\/wp\/v2\/media?parent=742"}],"curies":[{"name":"wp","href":"https:\/\/api.w.org\/{rel}","templated":true}]}}